{"id":5614,"date":"2025-02-11T22:27:31","date_gmt":"2025-02-11T19:27:31","guid":{"rendered":"https:\/\/vtm-mannheim.de\/?page_id=5614"},"modified":"2025-02-12T14:31:03","modified_gmt":"2025-02-12T11:31:03","slug":"impressum","status":"publish","type":"page","link":"https:\/\/vtm-mannheim.de\/?page_id=5614","title":{"rendered":"Impressum"},"content":{"rendered":"<div class=\"wpb-content-wrapper\"><p>[vc_row][vc_column][rev_slider_vc alias=&#8220;slider-home1&#8243;][\/vc_column][\/vc_row][vc_section full_width=&#8220;stretch_row&#8220; css=&#8220;.vc_custom_1492666861757{padding-bottom: 5vw !important;background-image: url(https:\/\/vtm-mannheim.de\/wp-content\/uploads\/2016\/05\/home-bg-sr-1.jpg?id=5068) !important;background-position: center !important;background-repeat: no-repeat !important;background-size: cover !important;}&#8220;][vc_row][vc_column][vc_custom_heading text=&#8220;Impressum&#8220; font_container=&#8220;tag:h3|font_size:24px|text_align:center|color:%23ffffff&#8220; use_theme_fonts=&#8220;yes&#8220; css=&#8220;.vc_custom_1739357324384{margin-bottom: 20px !important;padding-top: 2vw !important;}&#8220;][vc_column_text css=&#8220;&#8220;]<\/p>\n<p data-pm-slice=\"1 1 []\"><strong>IMPRESSUM<\/strong><\/p>\n<p><strong>Veranstaltungstechnik VTM Mannheim<\/strong><br \/>\nInhaber: Murat Sentuerk<br \/>\nGutenbergstra\u00dfe 10<br \/>\n68167 Mannheim<\/p>\n<p>Telefon: 0176 632 06 938<br \/>\nE-Mail: <a>info@vtm-mannheim.de<\/a><br \/>\n<a>m.sentuerk@vtm-mannheim.de<\/a><br \/>\nFacebook: VTM Veranstaltungstechnik Mannheim<br \/>\nInstagram: VTM_mannheim<\/p>\n<p>Steuernummer: Finanzamt Mannheim Neckarstadt 37371 \/ 26808<\/p>\n<p><strong>HAFTUNGSAUSSCHLUSS<\/strong><\/p>\n<p><strong>Haftung f\u00fcr Inhalte<\/strong><br \/>\nDie Inhalte unserer Seiten wurden mit gr\u00f6\u00dfter Sorgfalt erstellt. F\u00fcr die Richtigkeit, Vollst\u00e4ndigkeit und Aktualit\u00e4t der Inhalte k\u00f6nnen wir jedoch keine Gew\u00e4hr \u00fcbernehmen. Als Diensteanbieter sind wir gem\u00e4\u00df \u00a7 7 Abs.1 TMG f\u00fcr eigene Inhalte auf diesen Seiten nach den allgemeinen Gesetzen verantwortlich. Nach \u00a7\u00a7 8 bis 10 TMG sind wir als Diensteanbieter jedoch nicht verpflichtet, \u00fcbermittelte oder gespeicherte fremde Informationen zu \u00fcberwachen oder nach Umst\u00e4nden zu forschen, die auf eine rechtswidrige T\u00e4tigkeit hinweisen. Verpflichtungen zur Entfernung oder Sperrung der Nutzung von Informationen nach den allgemeinen Gesetzen bleiben hiervon unber\u00fchrt. Eine diesbez\u00fcgliche Haftung ist jedoch erst ab dem Zeitpunkt der Kenntnis einer konkreten Rechtsverletzung m\u00f6glich. Bei Bekanntwerden von entsprechenden Rechtsverletzungen werden wir diese Inhalte umgehend entfernen.<\/p>\n<p><strong>Haftung f\u00fcr Links<\/strong><br \/>\nUnser Angebot enth\u00e4lt Links zu externen Webseiten Dritter, auf deren Inhalte wir keinen Einfluss haben. Deshalb k\u00f6nnen wir f\u00fcr diese fremden Inhalte auch keine Gew\u00e4hr \u00fcbernehmen. F\u00fcr die Inhalte der verlinkten Seiten ist stets der jeweilige Anbieter oder Betreiber der Seiten verantwortlich. Die verlinkten Seiten wurden zum Zeitpunkt der Verlinkung auf m\u00f6gliche Rechtsverst\u00f6\u00dfe \u00fcberpr\u00fcft. Rechtswidrige Inhalte waren zum Zeitpunkt der Verlinkung nicht erkennbar. Eine permanente inhaltliche Kontrolle der verlinkten Seiten ist jedoch ohne konkrete Anhaltspunkte einer Rechtsverletzung nicht zumutbar. Bei Bekanntwerden von Rechtsverletzungen werden wir derartige Links umgehend entfernen.<\/p>\n<p><strong>Urheberrecht<\/strong><br \/>\nDie durch die Seitenbetreiber erstellten Inhalte und Werke auf diesen Seiten unterliegen dem deutschen Urheberrecht. Die Vervielf\u00e4ltigung, Bearbeitung, Verbreitung und jede Art der Verwertung au\u00dferhalb der Grenzen des Urheberrechts bed\u00fcrfen der schriftlichen Zustimmung des jeweiligen Autors bzw. Erstellers. Downloads und Kopien dieser Seite sind nur f\u00fcr den privaten, nicht kommerziellen Gebrauch gestattet. Soweit die Inhalte auf dieser Seite nicht vom Betreiber erstellt wurden, werden die Urheberrechte Dritter beachtet. Insbesondere werden Inhalte Dritter als solche gekennzeichnet. Sollten Sie trotzdem auf eine Urheberrechtsverletzung aufmerksam werden, bitten wir um einen entsprechenden Hinweis. Bei Bekanntwerden von Rechtsverletzungen werden wir derartige Inhalte umgehend entfernen.[\/vc_column_text][\/vc_column][\/vc_row][vc_row css=&#8220;.vc_custom_1492781207113{margin-bottom: 3vw !important;padding-bottom: 2vw !important;}&#8220;][vc_column width=&#8220;1\/6&#8243; el_class=&#8220;center&#8220;][vc_single_image image=&#8220;5530&#8243; img_size=&#8220;128px&#8220; alignment=&#8220;center&#8220; style=&#8220;vc_box_shadow_circle&#8220; onclick=&#8220;custom_link&#8220; css=&#8220;&#8220;][vc_btn title=&#8220;TON&#8220; style=&#8220;gradient-custom&#8220; gradient_custom_color_1=&#8220;#DD3333&#8243; gradient_custom_color_2=&#8220;#1E73BE&#8220; css=&#8220;&#8220;][\/vc_column][vc_column width=&#8220;1\/6&#8243;][vc_single_image image=&#8220;5491&#8243; img_size=&#8220;128px&#8220; alignment=&#8220;center&#8220; style=&#8220;vc_box_shadow_circle&#8220; onclick=&#8220;custom_link&#8220; css=&#8220;&#8220;][vc_btn title=&#8220;LICHT&#8220; style=&#8220;gradient-custom&#8220; gradient_custom_color_1=&#8220;#DD3333&#8243; gradient_custom_color_2=&#8220;#1E73BE&#8220; align=&#8220;center&#8220; css=&#8220;&#8220;][\/vc_column][vc_column width=&#8220;1\/6&#8243;][vc_single_image image=&#8220;5493&#8243; img_size=&#8220;128px&#8220; alignment=&#8220;center&#8220; style=&#8220;vc_box_shadow_circle&#8220; onclick=&#8220;custom_link&#8220; css=&#8220;&#8220;][vc_btn title=&#8220;RIGGING&#8220; style=&#8220;gradient-custom&#8220; gradient_custom_color_2=&#8220;#1E73BE&#8220; align=&#8220;center&#8220; css=&#8220;&#8220;][\/vc_column][vc_column width=&#8220;1\/6&#8243;][vc_single_image image=&#8220;5496&#8243; img_size=&#8220;128px&#8220; alignment=&#8220;center&#8220; style=&#8220;vc_box_shadow_circle&#8220; onclick=&#8220;custom_link&#8220; css=&#8220;&#8220;][vc_btn title=&#8220;MEDIEN&#8220; style=&#8220;gradient-custom&#8220; gradient_custom_color_2=&#8220;#1E73BE&#8220; align=&#8220;center&#8220; css=&#8220;&#8220;][\/vc_column][vc_column width=&#8220;1\/6&#8243;][vc_single_image image=&#8220;5492&#8243; img_size=&#8220;128px&#8220; alignment=&#8220;center&#8220; style=&#8220;vc_box_shadow_circle&#8220; onclick=&#8220;custom_link&#8220; css=&#8220;&#8220;][vc_btn title=&#8220;SETBAU&#8220; style=&#8220;gradient-custom&#8220; gradient_custom_color_2=&#8220;#1E73BE&#8220; align=&#8220;center&#8220; css=&#8220;&#8220;][\/vc_column][vc_column width=&#8220;1\/6&#8243;][vc_single_image image=&#8220;5529&#8243; img_size=&#8220;128px&#8220; alignment=&#8220;center&#8220; style=&#8220;vc_box_shadow_circle&#8220; onclick=&#8220;custom_link&#8220; css=&#8220;&#8220;][vc_btn title=&#8220;B\u00dcHNE&#8220; style=&#8220;gradient-custom&#8220; gradient_custom_color_2=&#8220;#1E73BE&#8220; align=&#8220;center&#8220; css=&#8220;&#8220;][\/vc_column][\/vc_row][vc_row][vc_column][vc_row_inner][vc_column_inner][vc_btn title=&#8220;Alle Leistungen im \u00dcberblick&#8220; style=&#8220;gradient-custom&#8220; gradient_custom_color_1=&#8220;#DD3333&#8243; gradient_custom_color_2=&#8220;#1E73BE&#8220; size=&#8220;lg&#8220; align=&#8220;center&#8220; css=&#8220;&#8220; button_block=&#8220;true&#8220;][\/vc_column_inner][\/vc_row_inner][\/vc_column][\/vc_row][\/vc_section][vc_section full_width=&#8220;stretch_row&#8220; css=&#8220;.vc_custom_1492414311079{padding-top: 5vw !important;padding-bottom: 5vw !important;background-image: url(https:\/\/vtm-mannheim.de\/wp-content\/uploads\/2016\/05\/bg-prefooter-home.jpg?id=4667) !important;background-position: center !important;background-repeat: no-repeat !important;background-size: cover !important;}&#8220;][vc_row][vc_column][vc_custom_heading text=&#8220;KONTAKTIEREN SIE UNS&#8220; font_container=&#8220;tag:h3|font_size:24px|text_align:center|color:%23ffffff&#8220; use_theme_fonts=&#8220;yes&#8220; css=&#8220;.vc_custom_1739300105126{margin-bottom: 20px !important;padding-top: 2vw !important;}&#8220;][\/vc_column][\/vc_row][vc_row css=&#8220;.vc_custom_1492785910890{padding-bottom: 2vw !important;}&#8220; el_class=&#8220;icon-box_section&#8220;][vc_column width=&#8220;1\/2&#8243;]<div data-id=\"mpc_image-8569d214071dc48\" onclick=\"\" class=\"mpc-image mpc-init mpc-animation \"  data-animation-in=\"transition.slideDownBigIn||300||0||100\"><div class=\"mpc-item mpc-transition\"><img loading=\"lazy\" decoding=\"async\" width=\"6250\" height=\"3125\" src=\"https:\/\/vtm-mannheim.de\/wp-content\/uploads\/2025\/02\/vtmlogoweiss.png\" class=\"mpc-transition attachment-full\" alt=\"\" title=\"vtmlogoweiss\" srcset=\"https:\/\/vtm-mannheim.de\/wp-content\/uploads\/2025\/02\/vtmlogoweiss.png 6250w, https:\/\/vtm-mannheim.de\/wp-content\/uploads\/2025\/02\/vtmlogoweiss-756x378.png 756w, https:\/\/vtm-mannheim.de\/wp-content\/uploads\/2025\/02\/vtmlogoweiss-1600x800.png 1600w, https:\/\/vtm-mannheim.de\/wp-content\/uploads\/2025\/02\/vtmlogoweiss-768x384.png 768w, https:\/\/vtm-mannheim.de\/wp-content\/uploads\/2025\/02\/vtmlogoweiss-1536x768.png 1536w, https:\/\/vtm-mannheim.de\/wp-content\/uploads\/2025\/02\/vtmlogoweiss-2048x1024.png 2048w, https:\/\/vtm-mannheim.de\/wp-content\/uploads\/2025\/02\/vtmlogoweiss-600x300.png 600w, https:\/\/vtm-mannheim.de\/wp-content\/uploads\/2025\/02\/vtmlogoweiss-1x1.png 1w, https:\/\/vtm-mannheim.de\/wp-content\/uploads\/2025\/02\/vtmlogoweiss-10x5.png 10w\" sizes=\"auto, (max-width: 6250px) 100vw, 6250px\" \/><\/div><\/div>[\/vc_column][vc_column width=&#8220;1\/2&#8243; el_class=&#8220;location&#8220;]<div data-id=\"mpc_icon_column-7869d214071dd2d\" class=\"mpc-icon-column mpc-init mpc-parent-hover mpc-transition mpc-icon-column--style_3 mpc-align--center responsive-center\" ><div data-id=\"mpc_icon-7669d214071e612\" class=\"mpc-icon mpc-init mpc-transition mpc-effect-none mpc-icon--image \"><div class=\"mpc-icon-wrap\"><i class=\"mpc-icon-part mpc-regular mpc-transition \"><img loading=\"lazy\" decoding=\"async\" width=\"15\" height=\"22\" src=\"https:\/\/vtm-mannheim.de\/wp-content\/uploads\/2017\/04\/icon-1.png\" class=\"attachment-thumbnail\" alt=\"\" title=\"icon-1\" \/><\/i><\/div><\/div><div class=\"mpc-icon-column__content-wrap\"><div class=\"mpc-icon-column__content\"><div data-id=\"mpc_divider-7869d214071e66a\" class=\"mpc-divider-wrap\"><div class=\"mpc-divider mpc-init mpc-align--center mpc-disable--left \" ><div class=\"mpc-divider__line mpc-side--left\"><span><\/span><\/div><div class=\"mpc-divider__line mpc-side--right\"><span><\/span><\/div><\/div><\/div><div class=\"mpc-icon-column__description mpc-transition\"><p style=\"text-align: left;\">GUTENBERGSTRASSE 10<br \/>\n68167 MANNHEIM<\/p>\n<\/div><\/div><\/div><\/div><div data-id=\"mpc_icon_column-6369d214071e7c9\" class=\"mpc-icon-column mpc-init mpc-parent-hover mpc-transition mpc-icon-column--style_3 mpc-align--center responsive-center\" ><div data-id=\"mpc_icon-2869d214071f0d5\" class=\"mpc-icon mpc-init mpc-transition mpc-effect-none mpc-icon--image \"><div class=\"mpc-icon-wrap\"><i class=\"mpc-icon-part mpc-regular mpc-transition \"><img loading=\"lazy\" decoding=\"async\" width=\"15\" height=\"15\" src=\"https:\/\/vtm-mannheim.de\/wp-content\/uploads\/2017\/04\/icon-2.png\" class=\"attachment-thumbnail\" alt=\"\" title=\"icon-2\" \/><\/i><\/div><\/div><div class=\"mpc-icon-column__content-wrap\"><div class=\"mpc-icon-column__content\"><div data-id=\"mpc_divider-4269d214071f118\" class=\"mpc-divider-wrap\"><div class=\"mpc-divider mpc-init mpc-align--center mpc-disable--left \" ><div class=\"mpc-divider__line mpc-side--left\"><span><\/span><\/div><div class=\"mpc-divider__line mpc-side--right\"><span><\/span><\/div><\/div><\/div><div class=\"mpc-icon-column__description mpc-transition\"><p style=\"text-align: left;\">+49176 632 06 938<\/p>\n<\/div><\/div><\/div><\/div><div data-id=\"mpc_icon_column-2569d214071f1d5\" class=\"mpc-icon-column mpc-init mpc-parent-hover mpc-transition mpc-icon-column--style_3 mpc-align--center responsive-center\" ><div data-id=\"mpc_icon-7169d214071fa7e\" class=\"mpc-icon mpc-init mpc-transition mpc-effect-none mpc-icon--image \"><div class=\"mpc-icon-wrap\"><i class=\"mpc-icon-part mpc-regular mpc-transition \"><img loading=\"lazy\" decoding=\"async\" width=\"20\" height=\"15\" src=\"https:\/\/vtm-mannheim.de\/wp-content\/uploads\/2017\/04\/icon-3.png\" class=\"attachment-thumbnail\" alt=\"\" title=\"icon-3\" \/><\/i><\/div><\/div><div class=\"mpc-icon-column__content-wrap\"><div class=\"mpc-icon-column__content\"><div data-id=\"mpc_divider-3069d214071fabf\" class=\"mpc-divider-wrap\"><div class=\"mpc-divider mpc-init mpc-align--center mpc-disable--left \" ><div class=\"mpc-divider__line mpc-side--left\"><span><\/span><\/div><div class=\"mpc-divider__line mpc-side--right\"><span><\/span><\/div><\/div><\/div><div class=\"mpc-icon-column__description mpc-transition\"><p style=\"text-align: left;\">info@vtm-mannheim.de<br \/>\nm.sentuerk@vtm-mannheim.de<\/p>\n<p>\u00a9 2025. VTM MANNHEIM. ALLE RECHTE VORBEHALTEN.<\/p>\n<\/div><\/div><\/div><\/div><div data-id=\"mpc_icon_column-569d214071fbc0\" class=\"mpc-icon-column mpc-init mpc-parent-hover mpc-transition mpc-icon-column--style_3 mpc-align--center responsive-center\" ><div data-id=\"mpc_icon-8269d21407204e9\" class=\"mpc-icon mpc-init mpc-transition mpc-effect-none mpc-icon--image \"><div class=\"mpc-icon-wrap\"><i class=\"mpc-icon-part mpc-regular mpc-transition \"><img loading=\"lazy\" decoding=\"async\" width=\"17\" height=\"15\" src=\"https:\/\/vtm-mannheim.de\/wp-content\/uploads\/2017\/04\/img-2.png\" class=\"attachment-thumbnail\" alt=\"\" title=\"img-2\" \/><\/i><\/div><\/div><div class=\"mpc-icon-column__content-wrap\"><div class=\"mpc-icon-column__content\"><div data-id=\"mpc_divider-6569d2140720527\" class=\"mpc-divider-wrap\"><div class=\"mpc-divider mpc-init mpc-align--center mpc-disable--left \" ><div class=\"mpc-divider__line mpc-side--left\"><span><\/span><\/div><div class=\"mpc-divider__line mpc-side--right\"><span><\/span><\/div><\/div><\/div><div class=\"mpc-icon-column__description mpc-transition\"><p style=\"text-align: left;\"><a href=\"https:\/\/vtm-mannheim.de\/?page_id=5614\">IMPRESSUM<\/a> | <a href=\"https:\/\/vtm-mannheim.de\/?page_id=5659\">DATENSCHUTZ<\/a> | <a href=\"https:\/\/vtm-mannheim.de\/?page_id=5665\">AGB<\/a> | <a href=\"https:\/\/vtm-mannheim.de\/?page_id=4311\">KONTAKT<\/a><\/p>\n<\/div><\/div><\/div><\/div>[\/vc_column][\/vc_row][\/vc_section]<\/p>\n<\/div>","protected":false},"excerpt":{"rendered":"<p>[vc_row][vc_column][rev_slider_vc alias=&#8220;slider-home1&#8243;][\/vc_column][\/vc_row][vc_section full_width=&#8220;stretch_row&#8220; css=&#8220;.vc_custom_1492666861757{padding-bottom: 5vw !important;background-image: url(https:\/\/vtm-mannheim.de\/wp-content\/uploads\/2016\/05\/home-bg-sr-1.jpg?id=5068) !important;background-position: center !important;background-repeat: no-repeat !important;background-size: cover !important;}&#8220;][vc_row][vc_column][vc_custom_heading text=&#8220;Impressum&#8220; font_container=&#8220;tag:h3|font_size:24px|text_align:center|color:%23ffffff&#8220; use_theme_fonts=&#8220;yes&#8220; css=&#8220;.vc_custom_1739357324384{margin-bottom: 20px !important;padding-top: 2vw !important;}&#8220;][vc_column_text css=&#8220;&#8220;] IMPRESSUM Veranstaltungstechnik&#8230;<\/p>\n","protected":false},"author":2,"featured_media":0,"parent":0,"menu_order":0,"comment_status":"closed","ping_status":"closed","template":"page.php","meta":{"footnotes":""},"class_list":["post-5614","page","type-page","status-publish","hentry"],"yoast_head":"<!-- This site is optimized with the Yoast SEO plugin v24.5 - https:\/\/yoast.com\/wordpress\/plugins\/seo\/ -->\n<title>Impressum - VTM Mannheim<\/title>\n<meta name=\"robots\" content=\"index, follow, max-snippet:-1, max-image-preview:large, max-video-preview:-1\" \/>\n<link rel=\"canonical\" href=\"https:\/\/vtm-mannheim.de\/?page_id=5614\" \/>\n<meta property=\"og:locale\" content=\"de_DE\" \/>\n<meta property=\"og:type\" content=\"article\" \/>\n<meta property=\"og:title\" content=\"Impressum - VTM Mannheim\" \/>\n<meta property=\"og:description\" content=\"[vc_row][vc_column][rev_slider_vc alias=&#8220;slider-home1&#8243;][\/vc_column][\/vc_row][vc_section full_width=&#8220;stretch_row&#8220; css=&#8220;.vc_custom_1492666861757{padding-bottom: 5vw !important;background-image: url(https:\/\/vtm-mannheim.de\/wp-content\/uploads\/2016\/05\/home-bg-sr-1.jpg?id=5068) !important;background-position: center !important;background-repeat: no-repeat !important;background-size: cover !important;}&#8220;][vc_row][vc_column][vc_custom_heading text=&#8220;Impressum&#8220; font_container=&#8220;tag:h3|font_size:24px|text_align:center|color:%23ffffff&#8220; use_theme_fonts=&#8220;yes&#8220; css=&#8220;.vc_custom_1739357324384{margin-bottom: 20px !important;padding-top: 2vw !important;}&#8220;][vc_column_text css=&#8220;&#8220;] IMPRESSUM Veranstaltungstechnik...\" \/>\n<meta property=\"og:url\" content=\"https:\/\/vtm-mannheim.de\/?page_id=5614\" \/>\n<meta property=\"og:site_name\" content=\"VTM Mannheim\" \/>\n<meta property=\"article:modified_time\" content=\"2025-02-12T11:31:03+00:00\" \/>\n<meta name=\"twitter:card\" content=\"summary_large_image\" \/>\n<meta name=\"twitter:label1\" content=\"Gesch\u00e4tzte Lesezeit\" \/>\n\t<meta name=\"twitter:data1\" content=\"4\u00a0Minuten\" \/>\n<script type=\"application\/ld+json\" class=\"yoast-schema-graph\">{\"@context\":\"https:\/\/schema.org\",\"@graph\":[{\"@type\":\"WebPage\",\"@id\":\"https:\/\/vtm-mannheim.de\/?page_id=5614\",\"url\":\"https:\/\/vtm-mannheim.de\/?page_id=5614\",\"name\":\"Impressum - VTM Mannheim\",\"isPartOf\":{\"@id\":\"https:\/\/vtm-mannheim.de\/#website\"},\"datePublished\":\"2025-02-11T19:27:31+00:00\",\"dateModified\":\"2025-02-12T11:31:03+00:00\",\"breadcrumb\":{\"@id\":\"https:\/\/vtm-mannheim.de\/?page_id=5614#breadcrumb\"},\"inLanguage\":\"de\",\"potentialAction\":[{\"@type\":\"ReadAction\",\"target\":[\"https:\/\/vtm-mannheim.de\/?page_id=5614\"]}]},{\"@type\":\"BreadcrumbList\",\"@id\":\"https:\/\/vtm-mannheim.de\/?page_id=5614#breadcrumb\",\"itemListElement\":[{\"@type\":\"ListItem\",\"position\":1,\"name\":\"Anasayfa\",\"item\":\"https:\/\/vtm-mannheim.de\/\"},{\"@type\":\"ListItem\",\"position\":2,\"name\":\"Impressum\"}]},{\"@type\":\"WebSite\",\"@id\":\"https:\/\/vtm-mannheim.de\/#website\",\"url\":\"https:\/\/vtm-mannheim.de\/\",\"name\":\"VTM Mannheim\",\"description\":\"Ihrem SpezIalIsten f\u00fcr VeranstaltungstechnIk\",\"potentialAction\":[{\"@type\":\"SearchAction\",\"target\":{\"@type\":\"EntryPoint\",\"urlTemplate\":\"https:\/\/vtm-mannheim.de\/?s={search_term_string}\"},\"query-input\":{\"@type\":\"PropertyValueSpecification\",\"valueRequired\":true,\"valueName\":\"search_term_string\"}}],\"inLanguage\":\"de\"}]}<\/script>\n<!-- \/ Yoast SEO plugin. -->","yoast_head_json":{"title":"Impressum - VTM Mannheim","robots":{"index":"index","follow":"follow","max-snippet":"max-snippet:-1","max-image-preview":"max-image-preview:large","max-video-preview":"max-video-preview:-1"},"canonical":"https:\/\/vtm-mannheim.de\/?page_id=5614","og_locale":"de_DE","og_type":"article","og_title":"Impressum - VTM Mannheim","og_description":"[vc_row][vc_column][rev_slider_vc alias=&#8220;slider-home1&#8243;][\/vc_column][\/vc_row][vc_section full_width=&#8220;stretch_row&#8220; css=&#8220;.vc_custom_1492666861757{padding-bottom: 5vw !important;background-image: url(https:\/\/vtm-mannheim.de\/wp-content\/uploads\/2016\/05\/home-bg-sr-1.jpg?id=5068) !important;background-position: center !important;background-repeat: no-repeat !important;background-size: cover !important;}&#8220;][vc_row][vc_column][vc_custom_heading text=&#8220;Impressum&#8220; font_container=&#8220;tag:h3|font_size:24px|text_align:center|color:%23ffffff&#8220; use_theme_fonts=&#8220;yes&#8220; css=&#8220;.vc_custom_1739357324384{margin-bottom: 20px !important;padding-top: 2vw !important;}&#8220;][vc_column_text css=&#8220;&#8220;] IMPRESSUM Veranstaltungstechnik...","og_url":"https:\/\/vtm-mannheim.de\/?page_id=5614","og_site_name":"VTM Mannheim","article_modified_time":"2025-02-12T11:31:03+00:00","twitter_card":"summary_large_image","twitter_misc":{"Gesch\u00e4tzte Lesezeit":"4\u00a0Minuten"},"schema":{"@context":"https:\/\/schema.org","@graph":[{"@type":"WebPage","@id":"https:\/\/vtm-mannheim.de\/?page_id=5614","url":"https:\/\/vtm-mannheim.de\/?page_id=5614","name":"Impressum - VTM Mannheim","isPartOf":{"@id":"https:\/\/vtm-mannheim.de\/#website"},"datePublished":"2025-02-11T19:27:31+00:00","dateModified":"2025-02-12T11:31:03+00:00","breadcrumb":{"@id":"https:\/\/vtm-mannheim.de\/?page_id=5614#breadcrumb"},"inLanguage":"de","potentialAction":[{"@type":"ReadAction","target":["https:\/\/vtm-mannheim.de\/?page_id=5614"]}]},{"@type":"BreadcrumbList","@id":"https:\/\/vtm-mannheim.de\/?page_id=5614#breadcrumb","itemListElement":[{"@type":"ListItem","position":1,"name":"Anasayfa","item":"https:\/\/vtm-mannheim.de\/"},{"@type":"ListItem","position":2,"name":"Impressum"}]},{"@type":"WebSite","@id":"https:\/\/vtm-mannheim.de\/#website","url":"https:\/\/vtm-mannheim.de\/","name":"VTM Mannheim","description":"Ihrem SpezIalIsten f\u00fcr VeranstaltungstechnIk","potentialAction":[{"@type":"SearchAction","target":{"@type":"EntryPoint","urlTemplate":"https:\/\/vtm-mannheim.de\/?s={search_term_string}"},"query-input":{"@type":"PropertyValueSpecification","valueRequired":true,"valueName":"search_term_string"}}],"inLanguage":"de"}]}},"_links":{"self":[{"href":"https:\/\/vtm-mannheim.de\/index.php?rest_route=\/wp\/v2\/pages\/5614","targetHints":{"allow":["GET"]}}],"collection":[{"href":"https:\/\/vtm-mannheim.de\/index.php?rest_route=\/wp\/v2\/pages"}],"about":[{"href":"https:\/\/vtm-mannheim.de\/index.php?rest_route=\/wp\/v2\/types\/page"}],"author":[{"embeddable":true,"href":"https:\/\/vtm-mannheim.de\/index.php?rest_route=\/wp\/v2\/users\/2"}],"replies":[{"embeddable":true,"href":"https:\/\/vtm-mannheim.de\/index.php?rest_route=%2Fwp%2Fv2%2Fcomments&post=5614"}],"version-history":[{"count":11,"href":"https:\/\/vtm-mannheim.de\/index.php?rest_route=\/wp\/v2\/pages\/5614\/revisions"}],"predecessor-version":[{"id":5673,"href":"https:\/\/vtm-mannheim.de\/index.php?rest_route=\/wp\/v2\/pages\/5614\/revisions\/5673"}],"wp:attachment":[{"href":"https:\/\/vtm-mannheim.de\/index.php?rest_route=%2Fwp%2Fv2%2Fmedia&parent=5614"}],"curies":[{"name":"wp","href":"https:\/\/api.w.org\/{rel}","templated":true}]}}