{"id":5665,"date":"2025-02-12T14:21:22","date_gmt":"2025-02-12T11:21:22","guid":{"rendered":"https:\/\/vtm-mannheim.de\/?page_id=5665"},"modified":"2025-02-12T14:37:41","modified_gmt":"2025-02-12T11:37:41","slug":"agb","status":"publish","type":"page","link":"https:\/\/vtm-mannheim.de\/?page_id=5665","title":{"rendered":"AGB"},"content":{"rendered":"<div class=\"wpb-content-wrapper\"><p>[vc_row][vc_column][rev_slider_vc alias=&#8220;slider-home1&#8243;][\/vc_column][\/vc_row][vc_section full_width=&#8220;stretch_row&#8220; css=&#8220;.vc_custom_1492666861757{padding-bottom: 5vw !important;background-image: url(https:\/\/vtm-mannheim.de\/wp-content\/uploads\/2016\/05\/home-bg-sr-1.jpg?id=5068) !important;background-position: center !important;background-repeat: no-repeat !important;background-size: cover !important;}&#8220;][vc_row][vc_column][vc_custom_heading text=&#8220;AGB&#8220; font_container=&#8220;tag:h3|font_size:24px|text_align:center|color:%23ffffff&#8220; use_theme_fonts=&#8220;yes&#8220; css=&#8220;.vc_custom_1739359297782{margin-bottom: 20px !important;padding-top: 2vw !important;}&#8220;][vc_column_text css=&#8220;&#8220;]<\/p>\n<p data-pm-slice=\"1 1 []\"><strong>Allgemeine Gesch\u00e4ftsbedingungen (AGB) der Veranstaltungstechnik VTM Mannheim<\/strong><\/p>\n<p><strong>1. Geltungsbereich<\/strong><br \/>\n1.1 Diese Allgemeinen Gesch\u00e4ftsbedingungen (AGB) gelten f\u00fcr alle Vertr\u00e4ge, Lieferungen und sonstigen Leistungen zwischen der Veranstaltungstechnik VTM Mannheim (nachfolgend &#8222;VTM Mannheim&#8220;) und ihren Kunden.<br \/>\n1.2 Abweichende oder erg\u00e4nzende Bedingungen des Kunden werden nicht Vertragsbestandteil, es sei denn, VTM Mannheim hat deren Geltung ausdr\u00fccklich schriftlich zugestimmt.<\/p>\n<p><strong>2. Vertragsabschluss<\/strong><br \/>\n2.1 Angebote von VTM Mannheim sind freibleibend und unverbindlich. Ein Vertrag kommt erst durch eine schriftliche Auftragsbest\u00e4tigung von VTM Mannheim oder durch die tats\u00e4chliche Leistungserbringung zustande.<br \/>\n2.2 Der Kunde ist an eine von ihm unterzeichnete Bestellung 14 Tage gebunden.<\/p>\n<p><strong>3. Leistungen von VTM Mannheim<\/strong><br \/>\n3.1 VTM Mannheim erbringt Dienstleistungen in den Bereichen Tontechnik, Lichttechnik, Rigging, Medientechnik, Setbau und B\u00fchnenbau.<br \/>\n3.2 Der genaue Leistungsumfang wird individuell im jeweiligen Vertrag geregelt.<\/p>\n<p><strong>4. Preise und Zahlungsbedingungen<\/strong><br \/>\n4.1 Alle Preise verstehen sich in Euro und zzgl. der gesetzlichen Mehrwertsteuer, sofern nicht ausdr\u00fccklich anders vereinbart.<br \/>\n4.2 Zahlungen sind sp\u00e4testens 14 Tage nach Rechnungsstellung ohne Abzug f\u00e4llig, es sei denn, es wurden andere Zahlungsbedingungen vereinbart.<br \/>\n4.3 Bei Zahlungsverzug ist VTM Mannheim berechtigt, Verzugszinsen in gesetzlicher H\u00f6he zu berechnen.<br \/>\n4.4 Bei Online-Zahlungen werden personenbezogene Daten gem\u00e4\u00df DSGVO sicher verarbeitet und nicht an unbefugte Dritte weitergegeben.<\/p>\n<p><strong>5. Stornierung und R\u00fccktritt<\/strong><br \/>\n5.1 Der Kunde kann bis zu 30 Tage vor Veranstaltungsbeginn kostenfrei vom Vertrag zur\u00fccktreten. Danach gelten folgende Stornierungsgeb\u00fchren:<\/p>\n<ul data-spread=\"false\">\n<li>29 bis 15 Tage vor Veranstaltungsbeginn: 50 % des Auftragswertes<\/li>\n<li>14 bis 7 Tage vor Veranstaltungsbeginn: 75 % des Auftragswertes<\/li>\n<li>Weniger als 7 Tage vor Veranstaltungsbeginn: 100 % des Auftragswertes 5.2 Stornierungen bed\u00fcrfen der Schriftform.<\/li>\n<\/ul>\n<p><strong>6. Haftung und Gew\u00e4hrleistung<\/strong><br \/>\n6.1 VTM Mannheim haftet nur f\u00fcr Vorsatz und grobe Fahrl\u00e4ssigkeit. Eine weitergehende Haftung, insbesondere f\u00fcr Folgesch\u00e4den, wird ausgeschlossen.<br \/>\n6.2 Bei leichter Fahrl\u00e4ssigkeit haftet VTM Mannheim nur bei der Verletzung wesentlicher Vertragspflichten.<br \/>\n6.3 Die Haftung f\u00fcr Personensch\u00e4den bleibt unber\u00fchrt.<br \/>\n6.4 Der Kunde hat erkennbare M\u00e4ngel unverz\u00fcglich anzuzeigen, sp\u00e4testens jedoch innerhalb von 7 Tagen nach der Veranstaltung.<br \/>\n6.5 VTM Mannheim nutzt SSL\/TLS-Verschl\u00fcsselung zur sicheren Daten\u00fcbertragung und gew\u00e4hrleistet IT-Sicherheit im Rahmen der geltenden Datenschutzbestimmungen.<br \/>\n6.6 Der Kunde verpflichtet sich, eine Veranstaltungsversicherung abzuschlie\u00dfen, falls das Equipment von VTM Mannheim verwendet wird.<\/p>\n<p><strong>7. Pflichten des Kunden<\/strong><br \/>\n7.1 Der Kunde ist verpflichtet, alle erforderlichen Genehmigungen f\u00fcr die Veranstaltung einzuholen.<br \/>\n7.2 Der Kunde stellt sicher, dass die technischen Voraussetzungen am Veranstaltungsort den Anforderungen von VTM Mannheim entsprechen.<br \/>\n7.3 Bei Besch\u00e4digungen der gemieteten oder bereitgestellten Technik durch den Kunden oder Dritte haftet der Kunde.<br \/>\n7.4 Der Kunde hat VTM Mannheim rechtzeitig vor Veranstaltungsbeginn \u00fcber besondere Anforderungen, Gefahrenstellen oder beh\u00f6rdliche Auflagen zu informieren.<\/p>\n<p><strong>8. Datenschutz<\/strong><br \/>\n8.1 VTM Mannheim verarbeitet personenbezogene Daten des Kunden nur im Rahmen der geltenden Datenschutzgesetze (DSGVO, BDSG).<br \/>\n8.2 Die Nutzung von Google Analytics, reCAPTCHA und Google Web Fonts erfolgt auf Basis eines berechtigten Interesses gem\u00e4\u00df Art. 6 Abs. 1 lit. f DSGVO. Die IP-Anonymisierung ist aktiv.<br \/>\n8.3 Der Kunde hat das Recht auf Auskunft, Berichtigung, L\u00f6schung und Sperrung seiner Daten sowie auf Widerruf erteilter Einwilligungen.<br \/>\n8.4 Die Datenschutzbeh\u00f6rde Baden-W\u00fcrttemberg ist die zust\u00e4ndige Aufsichtsbeh\u00f6rde: <a href=\"https:\/\/www.baden-wuerttemberg.datenschutz.de\">https:\/\/www.baden-wuerttemberg.datenschutz.de<\/a><br \/>\n8.5 Bei der Nutzung digitaler Kommunikationskan\u00e4le (z. B. WhatsApp, Facebook, Instagram) k\u00f6nnen personenbezogene Daten an Dritte \u00fcbermittelt werden, wof\u00fcr VTM Mannheim keine Haftung \u00fcbernimmt.<\/p>\n<p><strong>9. H\u00f6here Gewalt<\/strong><br \/>\n9.1 Kann eine Veranstaltung aufgrund von H\u00f6herer Gewalt (z. B. Naturkatastrophen, Pandemien, beh\u00f6rdliche Anordnungen) nicht stattfinden, wird VTM Mannheim von der Leistungspflicht befreit.<br \/>\n9.2 Bereits erbrachte Leistungen sind zu verg\u00fcten.<br \/>\n9.3 Eine R\u00fcckerstattung bereits geleisteter Zahlungen erfolgt nur, sofern VTM Mannheim noch keine eigenen Aufwendungen hatte.<\/p>\n<p><strong>10. Alternative Streitbeilegung<\/strong><br \/>\n10.1 VTM Mannheim ist nicht verpflichtet und nicht bereit, an einem Streitbeilegungsverfahren vor einer Verbraucherschlichtungsstelle teilzunehmen.<\/p>\n<p><strong>11. Schlussbestimmungen<\/strong><br \/>\n11.1 Es gilt das Recht der Bundesrepublik Deutschland.<br \/>\n11.2 Gerichtsstand ist Mannheim, sofern der Kunde Kaufmann ist.<br \/>\n11.3 Sollten einzelne Bestimmungen dieser AGB unwirksam sein, bleibt die Wirksamkeit der \u00fcbrigen Bestimmungen unber\u00fchrt.<br \/>\n11.4 \u00c4nderungen und Erg\u00e4nzungen dieser AGB bed\u00fcrfen der Schriftform.<\/p>\n<p>[\/vc_column_text][\/vc_column][\/vc_row][vc_row css=&#8220;.vc_custom_1492781207113{margin-bottom: 3vw !important;padding-bottom: 2vw !important;}&#8220;][vc_column width=&#8220;1\/6&#8243; el_class=&#8220;center&#8220;][vc_single_image image=&#8220;5530&#8243; img_size=&#8220;128px&#8220; alignment=&#8220;center&#8220; style=&#8220;vc_box_shadow_circle&#8220; onclick=&#8220;custom_link&#8220; css=&#8220;&#8220;][vc_btn title=&#8220;TON&#8220; style=&#8220;gradient-custom&#8220; gradient_custom_color_1=&#8220;#DD3333&#8243; gradient_custom_color_2=&#8220;#1E73BE&#8220; css=&#8220;&#8220;][\/vc_column][vc_column width=&#8220;1\/6&#8243;][vc_single_image image=&#8220;5491&#8243; img_size=&#8220;128px&#8220; alignment=&#8220;center&#8220; style=&#8220;vc_box_shadow_circle&#8220; onclick=&#8220;custom_link&#8220; css=&#8220;&#8220;][vc_btn title=&#8220;LICHT&#8220; style=&#8220;gradient-custom&#8220; gradient_custom_color_1=&#8220;#DD3333&#8243; gradient_custom_color_2=&#8220;#1E73BE&#8220; align=&#8220;center&#8220; css=&#8220;&#8220;][\/vc_column][vc_column width=&#8220;1\/6&#8243;][vc_single_image image=&#8220;5493&#8243; img_size=&#8220;128px&#8220; alignment=&#8220;center&#8220; style=&#8220;vc_box_shadow_circle&#8220; onclick=&#8220;custom_link&#8220; css=&#8220;&#8220;][vc_btn title=&#8220;RIGGING&#8220; style=&#8220;gradient-custom&#8220; gradient_custom_color_2=&#8220;#1E73BE&#8220; align=&#8220;center&#8220; css=&#8220;&#8220;][\/vc_column][vc_column width=&#8220;1\/6&#8243;][vc_single_image image=&#8220;5496&#8243; img_size=&#8220;128px&#8220; alignment=&#8220;center&#8220; style=&#8220;vc_box_shadow_circle&#8220; onclick=&#8220;custom_link&#8220; css=&#8220;&#8220;][vc_btn title=&#8220;MEDIEN&#8220; style=&#8220;gradient-custom&#8220; gradient_custom_color_2=&#8220;#1E73BE&#8220; align=&#8220;center&#8220; css=&#8220;&#8220;][\/vc_column][vc_column width=&#8220;1\/6&#8243;][vc_single_image image=&#8220;5492&#8243; img_size=&#8220;128px&#8220; alignment=&#8220;center&#8220; style=&#8220;vc_box_shadow_circle&#8220; onclick=&#8220;custom_link&#8220; css=&#8220;&#8220;][vc_btn title=&#8220;SETBAU&#8220; style=&#8220;gradient-custom&#8220; gradient_custom_color_2=&#8220;#1E73BE&#8220; align=&#8220;center&#8220; css=&#8220;&#8220;][\/vc_column][vc_column width=&#8220;1\/6&#8243;][vc_single_image image=&#8220;5529&#8243; img_size=&#8220;128px&#8220; alignment=&#8220;center&#8220; style=&#8220;vc_box_shadow_circle&#8220; onclick=&#8220;custom_link&#8220; css=&#8220;&#8220;][vc_btn title=&#8220;B\u00dcHNE&#8220; style=&#8220;gradient-custom&#8220; gradient_custom_color_2=&#8220;#1E73BE&#8220; align=&#8220;center&#8220; css=&#8220;&#8220;][\/vc_column][\/vc_row][vc_row][vc_column][vc_row_inner][vc_column_inner][vc_btn title=&#8220;Alle Leistungen im \u00dcberblick&#8220; style=&#8220;gradient-custom&#8220; gradient_custom_color_1=&#8220;#DD3333&#8243; gradient_custom_color_2=&#8220;#1E73BE&#8220; size=&#8220;lg&#8220; align=&#8220;center&#8220; css=&#8220;&#8220; button_block=&#8220;true&#8220;][\/vc_column_inner][\/vc_row_inner][\/vc_column][\/vc_row][\/vc_section][vc_section full_width=&#8220;stretch_row&#8220; css=&#8220;.vc_custom_1492414311079{padding-top: 5vw !important;padding-bottom: 5vw !important;background-image: url(https:\/\/vtm-mannheim.de\/wp-content\/uploads\/2016\/05\/bg-prefooter-home.jpg?id=4667) !important;background-position: center !important;background-repeat: no-repeat !important;background-size: cover !important;}&#8220;][vc_row][vc_column][vc_custom_heading text=&#8220;KONTAKTIEREN SIE UNS&#8220; font_container=&#8220;tag:h3|font_size:24px|text_align:center|color:%23ffffff&#8220; use_theme_fonts=&#8220;yes&#8220; css=&#8220;.vc_custom_1739300105126{margin-bottom: 20px !important;padding-top: 2vw !important;}&#8220;][\/vc_column][\/vc_row][vc_row css=&#8220;.vc_custom_1492785910890{padding-bottom: 2vw !important;}&#8220; el_class=&#8220;icon-box_section&#8220;][vc_column width=&#8220;1\/2&#8243;]<div data-id=\"mpc_image-6169d218aeb02ab\" onclick=\"\" class=\"mpc-image mpc-init mpc-animation \"  data-animation-in=\"transition.slideDownBigIn||300||0||100\"><div class=\"mpc-item mpc-transition\"><img loading=\"lazy\" decoding=\"async\" width=\"6250\" height=\"3125\" src=\"https:\/\/vtm-mannheim.de\/wp-content\/uploads\/2025\/02\/vtmlogoweiss.png\" class=\"mpc-transition attachment-full\" alt=\"\" title=\"vtmlogoweiss\" srcset=\"https:\/\/vtm-mannheim.de\/wp-content\/uploads\/2025\/02\/vtmlogoweiss.png 6250w, https:\/\/vtm-mannheim.de\/wp-content\/uploads\/2025\/02\/vtmlogoweiss-756x378.png 756w, https:\/\/vtm-mannheim.de\/wp-content\/uploads\/2025\/02\/vtmlogoweiss-1600x800.png 1600w, https:\/\/vtm-mannheim.de\/wp-content\/uploads\/2025\/02\/vtmlogoweiss-768x384.png 768w, https:\/\/vtm-mannheim.de\/wp-content\/uploads\/2025\/02\/vtmlogoweiss-1536x768.png 1536w, https:\/\/vtm-mannheim.de\/wp-content\/uploads\/2025\/02\/vtmlogoweiss-2048x1024.png 2048w, https:\/\/vtm-mannheim.de\/wp-content\/uploads\/2025\/02\/vtmlogoweiss-600x300.png 600w, https:\/\/vtm-mannheim.de\/wp-content\/uploads\/2025\/02\/vtmlogoweiss-1x1.png 1w, https:\/\/vtm-mannheim.de\/wp-content\/uploads\/2025\/02\/vtmlogoweiss-10x5.png 10w\" sizes=\"auto, (max-width: 6250px) 100vw, 6250px\" \/><\/div><\/div>[\/vc_column][vc_column width=&#8220;1\/2&#8243; el_class=&#8220;location&#8220;]<div data-id=\"mpc_icon_column-2069d218aeb03f0\" class=\"mpc-icon-column mpc-init mpc-parent-hover mpc-transition mpc-icon-column--style_3 mpc-align--center responsive-center\" ><div data-id=\"mpc_icon-3369d218aeb0db5\" class=\"mpc-icon mpc-init mpc-transition mpc-effect-none mpc-icon--image \"><div class=\"mpc-icon-wrap\"><i class=\"mpc-icon-part mpc-regular mpc-transition \"><img loading=\"lazy\" decoding=\"async\" width=\"15\" height=\"22\" src=\"https:\/\/vtm-mannheim.de\/wp-content\/uploads\/2017\/04\/icon-1.png\" class=\"attachment-thumbnail\" alt=\"\" title=\"icon-1\" \/><\/i><\/div><\/div><div class=\"mpc-icon-column__content-wrap\"><div class=\"mpc-icon-column__content\"><div data-id=\"mpc_divider-7069d218aeb0e25\" class=\"mpc-divider-wrap\"><div class=\"mpc-divider mpc-init mpc-align--center mpc-disable--left \" ><div class=\"mpc-divider__line mpc-side--left\"><span><\/span><\/div><div class=\"mpc-divider__line mpc-side--right\"><span><\/span><\/div><\/div><\/div><div class=\"mpc-icon-column__description mpc-transition\"><p style=\"text-align: left;\">GUTENBERGSTRASSE 10<br \/>\n68167 MANNHEIM<\/p>\n<\/div><\/div><\/div><\/div><div data-id=\"mpc_icon_column-5069d218aeb0f96\" class=\"mpc-icon-column mpc-init mpc-parent-hover mpc-transition mpc-icon-column--style_3 mpc-align--center responsive-center\" ><div data-id=\"mpc_icon-9369d218aeb18f8\" class=\"mpc-icon mpc-init mpc-transition mpc-effect-none mpc-icon--image \"><div class=\"mpc-icon-wrap\"><i class=\"mpc-icon-part mpc-regular mpc-transition \"><img loading=\"lazy\" decoding=\"async\" width=\"15\" height=\"15\" src=\"https:\/\/vtm-mannheim.de\/wp-content\/uploads\/2017\/04\/icon-2.png\" class=\"attachment-thumbnail\" alt=\"\" title=\"icon-2\" \/><\/i><\/div><\/div><div class=\"mpc-icon-column__content-wrap\"><div class=\"mpc-icon-column__content\"><div data-id=\"mpc_divider-5169d218aeb1945\" class=\"mpc-divider-wrap\"><div class=\"mpc-divider mpc-init mpc-align--center mpc-disable--left \" ><div class=\"mpc-divider__line mpc-side--left\"><span><\/span><\/div><div class=\"mpc-divider__line mpc-side--right\"><span><\/span><\/div><\/div><\/div><div class=\"mpc-icon-column__description mpc-transition\"><p style=\"text-align: left;\">+49176 632 06 938<\/p>\n<\/div><\/div><\/div><\/div><div data-id=\"mpc_icon_column-1869d218aeb1a2a\" class=\"mpc-icon-column mpc-init mpc-parent-hover mpc-transition mpc-icon-column--style_3 mpc-align--center responsive-center\" ><div data-id=\"mpc_icon-7569d218aeb23c8\" class=\"mpc-icon mpc-init mpc-transition mpc-effect-none mpc-icon--image \"><div class=\"mpc-icon-wrap\"><i class=\"mpc-icon-part mpc-regular mpc-transition \"><img loading=\"lazy\" decoding=\"async\" width=\"20\" height=\"15\" src=\"https:\/\/vtm-mannheim.de\/wp-content\/uploads\/2017\/04\/icon-3.png\" class=\"attachment-thumbnail\" alt=\"\" title=\"icon-3\" \/><\/i><\/div><\/div><div class=\"mpc-icon-column__content-wrap\"><div class=\"mpc-icon-column__content\"><div data-id=\"mpc_divider-9669d218aeb2412\" class=\"mpc-divider-wrap\"><div class=\"mpc-divider mpc-init mpc-align--center mpc-disable--left \" ><div class=\"mpc-divider__line mpc-side--left\"><span><\/span><\/div><div class=\"mpc-divider__line mpc-side--right\"><span><\/span><\/div><\/div><\/div><div class=\"mpc-icon-column__description mpc-transition\"><p style=\"text-align: left;\">info@vtm-mannheim.de<br \/>\nm.sentuerk@vtm-mannheim.de<\/p>\n<p>\u00a9 2025. VTM MANNHEIM. ALLE RECHTE VORBEHALTEN.<\/p>\n<\/div><\/div><\/div><\/div><div data-id=\"mpc_icon_column-5069d218aeb2510\" class=\"mpc-icon-column mpc-init mpc-parent-hover mpc-transition mpc-icon-column--style_3 mpc-align--center responsive-center\" ><div data-id=\"mpc_icon-8869d218aeb2e44\" class=\"mpc-icon mpc-init mpc-transition mpc-effect-none mpc-icon--image \"><div class=\"mpc-icon-wrap\"><i class=\"mpc-icon-part mpc-regular mpc-transition \"><img loading=\"lazy\" decoding=\"async\" width=\"17\" height=\"15\" src=\"https:\/\/vtm-mannheim.de\/wp-content\/uploads\/2017\/04\/img-2.png\" class=\"attachment-thumbnail\" alt=\"\" title=\"img-2\" \/><\/i><\/div><\/div><div class=\"mpc-icon-column__content-wrap\"><div class=\"mpc-icon-column__content\"><div data-id=\"mpc_divider-7069d218aeb2e87\" class=\"mpc-divider-wrap\"><div class=\"mpc-divider mpc-init mpc-align--center mpc-disable--left \" ><div class=\"mpc-divider__line mpc-side--left\"><span><\/span><\/div><div class=\"mpc-divider__line mpc-side--right\"><span><\/span><\/div><\/div><\/div><div class=\"mpc-icon-column__description mpc-transition\"><p style=\"text-align: left;\"><a href=\"https:\/\/vtm-mannheim.de\/?page_id=5614\">IMPRESSUM<\/a> | <a href=\"https:\/\/vtm-mannheim.de\/?page_id=5659\">DATENSCHUTZ<\/a> | <a href=\"https:\/\/vtm-mannheim.de\/?page_id=5665\">AGB<\/a> | <a href=\"https:\/\/vtm-mannheim.de\/?page_id=4311\">KONTAKT<\/a><\/p>\n<\/div><\/div><\/div><\/div>[\/vc_column][\/vc_row][\/vc_section]<\/p>\n<\/div>","protected":false},"excerpt":{"rendered":"<p>[vc_row][vc_column][rev_slider_vc alias=&#8220;slider-home1&#8243;][\/vc_column][\/vc_row][vc_section full_width=&#8220;stretch_row&#8220; css=&#8220;.vc_custom_1492666861757{padding-bottom: 5vw !important;background-image: url(https:\/\/vtm-mannheim.de\/wp-content\/uploads\/2016\/05\/home-bg-sr-1.jpg?id=5068) !important;background-position: center !important;background-repeat: no-repeat !important;background-size: cover !important;}&#8220;][vc_row][vc_column][vc_custom_heading text=&#8220;AGB&#8220; font_container=&#8220;tag:h3|font_size:24px|text_align:center|color:%23ffffff&#8220; use_theme_fonts=&#8220;yes&#8220; css=&#8220;.vc_custom_1739359297782{margin-bottom: 20px !important;padding-top: 2vw !important;}&#8220;][vc_column_text css=&#8220;&#8220;] Allgemeine Gesch\u00e4ftsbedingungen&#8230;<\/p>\n","protected":false},"author":2,"featured_media":0,"parent":0,"menu_order":0,"comment_status":"closed","ping_status":"closed","template":"page.php","meta":{"footnotes":""},"class_list":["post-5665","page","type-page","status-publish","hentry"],"yoast_head":"<!-- This site is optimized with the Yoast SEO plugin v24.5 - https:\/\/yoast.com\/wordpress\/plugins\/seo\/ -->\n<title>AGB - VTM Mannheim<\/title>\n<meta name=\"robots\" content=\"index, follow, max-snippet:-1, max-image-preview:large, max-video-preview:-1\" \/>\n<link rel=\"canonical\" href=\"https:\/\/vtm-mannheim.de\/?page_id=5665\" \/>\n<meta property=\"og:locale\" content=\"de_DE\" \/>\n<meta property=\"og:type\" content=\"article\" \/>\n<meta property=\"og:title\" content=\"AGB - VTM Mannheim\" \/>\n<meta property=\"og:description\" content=\"[vc_row][vc_column][rev_slider_vc alias=&#8220;slider-home1&#8243;][\/vc_column][\/vc_row][vc_section full_width=&#8220;stretch_row&#8220; css=&#8220;.vc_custom_1492666861757{padding-bottom: 5vw !important;background-image: url(https:\/\/vtm-mannheim.de\/wp-content\/uploads\/2016\/05\/home-bg-sr-1.jpg?id=5068) !important;background-position: center !important;background-repeat: no-repeat !important;background-size: cover !important;}&#8220;][vc_row][vc_column][vc_custom_heading text=&#8220;AGB&#8220; font_container=&#8220;tag:h3|font_size:24px|text_align:center|color:%23ffffff&#8220; use_theme_fonts=&#8220;yes&#8220; css=&#8220;.vc_custom_1739359297782{margin-bottom: 20px !important;padding-top: 2vw !important;}&#8220;][vc_column_text css=&#8220;&#8220;] Allgemeine Gesch\u00e4ftsbedingungen...\" \/>\n<meta property=\"og:url\" content=\"https:\/\/vtm-mannheim.de\/?page_id=5665\" \/>\n<meta property=\"og:site_name\" content=\"VTM Mannheim\" \/>\n<meta property=\"article:modified_time\" content=\"2025-02-12T11:37:41+00:00\" \/>\n<meta name=\"twitter:card\" content=\"summary_large_image\" \/>\n<meta name=\"twitter:label1\" content=\"Gesch\u00e4tzte Lesezeit\" \/>\n\t<meta name=\"twitter:data1\" content=\"8\u00a0Minuten\" \/>\n<script type=\"application\/ld+json\" class=\"yoast-schema-graph\">{\"@context\":\"https:\/\/schema.org\",\"@graph\":[{\"@type\":\"WebPage\",\"@id\":\"https:\/\/vtm-mannheim.de\/?page_id=5665\",\"url\":\"https:\/\/vtm-mannheim.de\/?page_id=5665\",\"name\":\"AGB - VTM Mannheim\",\"isPartOf\":{\"@id\":\"https:\/\/vtm-mannheim.de\/#website\"},\"datePublished\":\"2025-02-12T11:21:22+00:00\",\"dateModified\":\"2025-02-12T11:37:41+00:00\",\"breadcrumb\":{\"@id\":\"https:\/\/vtm-mannheim.de\/?page_id=5665#breadcrumb\"},\"inLanguage\":\"de\",\"potentialAction\":[{\"@type\":\"ReadAction\",\"target\":[\"https:\/\/vtm-mannheim.de\/?page_id=5665\"]}]},{\"@type\":\"BreadcrumbList\",\"@id\":\"https:\/\/vtm-mannheim.de\/?page_id=5665#breadcrumb\",\"itemListElement\":[{\"@type\":\"ListItem\",\"position\":1,\"name\":\"Anasayfa\",\"item\":\"https:\/\/vtm-mannheim.de\/\"},{\"@type\":\"ListItem\",\"position\":2,\"name\":\"AGB\"}]},{\"@type\":\"WebSite\",\"@id\":\"https:\/\/vtm-mannheim.de\/#website\",\"url\":\"https:\/\/vtm-mannheim.de\/\",\"name\":\"VTM Mannheim\",\"description\":\"Ihrem SpezIalIsten f\u00fcr VeranstaltungstechnIk\",\"potentialAction\":[{\"@type\":\"SearchAction\",\"target\":{\"@type\":\"EntryPoint\",\"urlTemplate\":\"https:\/\/vtm-mannheim.de\/?s={search_term_string}\"},\"query-input\":{\"@type\":\"PropertyValueSpecification\",\"valueRequired\":true,\"valueName\":\"search_term_string\"}}],\"inLanguage\":\"de\"}]}<\/script>\n<!-- \/ Yoast SEO plugin. -->","yoast_head_json":{"title":"AGB - VTM Mannheim","robots":{"index":"index","follow":"follow","max-snippet":"max-snippet:-1","max-image-preview":"max-image-preview:large","max-video-preview":"max-video-preview:-1"},"canonical":"https:\/\/vtm-mannheim.de\/?page_id=5665","og_locale":"de_DE","og_type":"article","og_title":"AGB - VTM Mannheim","og_description":"[vc_row][vc_column][rev_slider_vc alias=&#8220;slider-home1&#8243;][\/vc_column][\/vc_row][vc_section full_width=&#8220;stretch_row&#8220; css=&#8220;.vc_custom_1492666861757{padding-bottom: 5vw !important;background-image: url(https:\/\/vtm-mannheim.de\/wp-content\/uploads\/2016\/05\/home-bg-sr-1.jpg?id=5068) !important;background-position: center !important;background-repeat: no-repeat !important;background-size: cover !important;}&#8220;][vc_row][vc_column][vc_custom_heading text=&#8220;AGB&#8220; font_container=&#8220;tag:h3|font_size:24px|text_align:center|color:%23ffffff&#8220; use_theme_fonts=&#8220;yes&#8220; css=&#8220;.vc_custom_1739359297782{margin-bottom: 20px !important;padding-top: 2vw !important;}&#8220;][vc_column_text css=&#8220;&#8220;] Allgemeine Gesch\u00e4ftsbedingungen...","og_url":"https:\/\/vtm-mannheim.de\/?page_id=5665","og_site_name":"VTM Mannheim","article_modified_time":"2025-02-12T11:37:41+00:00","twitter_card":"summary_large_image","twitter_misc":{"Gesch\u00e4tzte Lesezeit":"8\u00a0Minuten"},"schema":{"@context":"https:\/\/schema.org","@graph":[{"@type":"WebPage","@id":"https:\/\/vtm-mannheim.de\/?page_id=5665","url":"https:\/\/vtm-mannheim.de\/?page_id=5665","name":"AGB - VTM Mannheim","isPartOf":{"@id":"https:\/\/vtm-mannheim.de\/#website"},"datePublished":"2025-02-12T11:21:22+00:00","dateModified":"2025-02-12T11:37:41+00:00","breadcrumb":{"@id":"https:\/\/vtm-mannheim.de\/?page_id=5665#breadcrumb"},"inLanguage":"de","potentialAction":[{"@type":"ReadAction","target":["https:\/\/vtm-mannheim.de\/?page_id=5665"]}]},{"@type":"BreadcrumbList","@id":"https:\/\/vtm-mannheim.de\/?page_id=5665#breadcrumb","itemListElement":[{"@type":"ListItem","position":1,"name":"Anasayfa","item":"https:\/\/vtm-mannheim.de\/"},{"@type":"ListItem","position":2,"name":"AGB"}]},{"@type":"WebSite","@id":"https:\/\/vtm-mannheim.de\/#website","url":"https:\/\/vtm-mannheim.de\/","name":"VTM Mannheim","description":"Ihrem SpezIalIsten f\u00fcr VeranstaltungstechnIk","potentialAction":[{"@type":"SearchAction","target":{"@type":"EntryPoint","urlTemplate":"https:\/\/vtm-mannheim.de\/?s={search_term_string}"},"query-input":{"@type":"PropertyValueSpecification","valueRequired":true,"valueName":"search_term_string"}}],"inLanguage":"de"}]}},"_links":{"self":[{"href":"https:\/\/vtm-mannheim.de\/index.php?rest_route=\/wp\/v2\/pages\/5665","targetHints":{"allow":["GET"]}}],"collection":[{"href":"https:\/\/vtm-mannheim.de\/index.php?rest_route=\/wp\/v2\/pages"}],"about":[{"href":"https:\/\/vtm-mannheim.de\/index.php?rest_route=\/wp\/v2\/types\/page"}],"author":[{"embeddable":true,"href":"https:\/\/vtm-mannheim.de\/index.php?rest_route=\/wp\/v2\/users\/2"}],"replies":[{"embeddable":true,"href":"https:\/\/vtm-mannheim.de\/index.php?rest_route=%2Fwp%2Fv2%2Fcomments&post=5665"}],"version-history":[{"count":5,"href":"https:\/\/vtm-mannheim.de\/index.php?rest_route=\/wp\/v2\/pages\/5665\/revisions"}],"predecessor-version":[{"id":5676,"href":"https:\/\/vtm-mannheim.de\/index.php?rest_route=\/wp\/v2\/pages\/5665\/revisions\/5676"}],"wp:attachment":[{"href":"https:\/\/vtm-mannheim.de\/index.php?rest_route=%2Fwp%2Fv2%2Fmedia&parent=5665"}],"curies":[{"name":"wp","href":"https:\/\/api.w.org\/{rel}","templated":true}]}}